{"id":59,"date":"2013-10-15T10:07:51","date_gmt":"2013-10-15T08:07:51","guid":{"rendered":"http:\/\/ostermeier.net\/ffw_obereulenbach\/?page_id=59"},"modified":"2014-03-07T12:35:13","modified_gmt":"2014-03-07T10:35:13","slug":"ausruestung","status":"publish","type":"page","link":"https:\/\/ostermeier.net\/ffw_obereulenbach\/?page_id=59","title":{"rendered":"Ausr\u00fcstung"},"content":{"rendered":"<p><a href=\"http:\/\/ostermeier.net\/ffw_obereulenbach\/wp-content\/uploads\/2013\/10\/Auto1.jpg\"><img loading=\"lazy\" decoding=\"async\" class=\"alignnone size-full wp-image-60\" alt=\"Auto1\" src=\"http:\/\/ostermeier.net\/ffw_obereulenbach\/wp-content\/uploads\/2013\/10\/Auto1.jpg\" width=\"450\" height=\"338\" srcset=\"https:\/\/ostermeier.net\/ffw_obereulenbach\/wp-content\/uploads\/2013\/10\/Auto1.jpg 450w, https:\/\/ostermeier.net\/ffw_obereulenbach\/wp-content\/uploads\/2013\/10\/Auto1-300x225.jpg 300w\" sizes=\"auto, (max-width: 450px) 100vw, 450px\" \/><\/a><\/p>\n<p>Unser Fahrzeug:<br \/>\nEin TSF (Mercedes) Bj. 1978,<br \/>\ndieses wurde 2006 rein aus Vereinsmitteln    angeschafft.<\/p>\n<p><a href=\"http:\/\/ostermeier.net\/ffw_obereulenbach\/wp-content\/uploads\/2013\/10\/Pumpe2.jpg\"><img loading=\"lazy\" decoding=\"async\" class=\"alignnone size-full wp-image-61\" alt=\"Pumpe2\" src=\"http:\/\/ostermeier.net\/ffw_obereulenbach\/wp-content\/uploads\/2013\/10\/Pumpe2.jpg\" width=\"230\" height=\"173\" \/><\/a> <a href=\"http:\/\/ostermeier.net\/ffw_obereulenbach\/wp-content\/uploads\/2013\/10\/Pumpe1.jpg\"><img loading=\"lazy\" decoding=\"async\" class=\"alignnone size-full wp-image-62\" alt=\"Pumpe1\" src=\"http:\/\/ostermeier.net\/ffw_obereulenbach\/wp-content\/uploads\/2013\/10\/Pumpe1.jpg\" width=\"230\" height=\"173\" \/><\/a><\/p>\n<p>Die Pumpe:<br \/>\nVon Bachert Bj. 1976 und 2009 general\u00fcberholt.<\/p>\n<p><a href=\"http:\/\/ostermeier.net\/ffw_obereulenbach\/wp-content\/uploads\/2013\/10\/Haus1.jpg\"><img loading=\"lazy\" decoding=\"async\" class=\"alignnone size-full wp-image-63\" alt=\"Haus1\" src=\"http:\/\/ostermeier.net\/ffw_obereulenbach\/wp-content\/uploads\/2013\/10\/Haus1.jpg\" width=\"450\" height=\"299\" srcset=\"https:\/\/ostermeier.net\/ffw_obereulenbach\/wp-content\/uploads\/2013\/10\/Haus1.jpg 450w, https:\/\/ostermeier.net\/ffw_obereulenbach\/wp-content\/uploads\/2013\/10\/Haus1-300x199.jpg 300w\" sizes=\"auto, (max-width: 450px) 100vw, 450px\" \/><\/a><\/p>\n<p>Das Feuerwehrger\u00e4tehaus:<br \/>\nErbaut 1997, der Schlauchturm ist noch vom alten Ger\u00e4tehaus (1957) erhalten.<br \/>\nF\u00fcr den Bau wurde uns von der Gemeinde ein Fixbetrag zur Verf\u00fcgung gestellt, der Rest wurde vom Verein und der Dorfgemeinschaft geschultert.<\/p>\n<p>Unser Feuerwehrhaus von innen<br \/>\n<a href=\"http:\/\/ostermeier.net\/ffw_obereulenbach\/wp-content\/uploads\/2013\/10\/FWHausinnen3.jpg\"><img loading=\"lazy\" decoding=\"async\" class=\"alignnone size-full wp-image-64\" alt=\"FWHausinnen3\" src=\"http:\/\/ostermeier.net\/ffw_obereulenbach\/wp-content\/uploads\/2013\/10\/FWHausinnen3.jpg\" width=\"220\" height=\"165\" \/><\/a> <a href=\"http:\/\/ostermeier.net\/ffw_obereulenbach\/wp-content\/uploads\/2013\/10\/FWHausinnen4.jpg\"><img loading=\"lazy\" decoding=\"async\" class=\"alignnone size-full wp-image-65\" alt=\"FWHausinnen4\" src=\"http:\/\/ostermeier.net\/ffw_obereulenbach\/wp-content\/uploads\/2013\/10\/FWHausinnen4.jpg\" width=\"220\" height=\"165\" \/><\/a> <a href=\"http:\/\/ostermeier.net\/ffw_obereulenbach\/wp-content\/uploads\/2013\/10\/FWHausinnen2.jpg\"><img loading=\"lazy\" decoding=\"async\" class=\"alignnone size-full wp-image-66\" alt=\"FWHausinnen2\" src=\"http:\/\/ostermeier.net\/ffw_obereulenbach\/wp-content\/uploads\/2013\/10\/FWHausinnen2.jpg\" width=\"220\" height=\"165\" \/><\/a> <a href=\"http:\/\/ostermeier.net\/ffw_obereulenbach\/wp-content\/uploads\/2013\/10\/FWHausinnen1.jpg\"><img loading=\"lazy\" decoding=\"async\" class=\"alignnone size-full wp-image-67\" alt=\"FWHausinnen1\" src=\"http:\/\/ostermeier.net\/ffw_obereulenbach\/wp-content\/uploads\/2013\/10\/FWHausinnen1.jpg\" width=\"220\" height=\"165\" \/><\/a> <a href=\"http:\/\/ostermeier.net\/ffw_obereulenbach\/wp-content\/uploads\/2013\/10\/FGHinnen.jpg\"><img loading=\"lazy\" decoding=\"async\" class=\"alignnone size-full wp-image-68\" alt=\"FGHinnen\" src=\"http:\/\/ostermeier.net\/ffw_obereulenbach\/wp-content\/uploads\/2013\/10\/FGHinnen.jpg\" width=\"300\" height=\"225\" \/><\/a><\/p>\n<p>&nbsp;<\/p>\n<p><a href=\"http:\/\/ostermeier.net\/ffw_obereulenbach\/wp-content\/uploads\/2013\/10\/FWHausaussen4.jpg\"><img loading=\"lazy\" decoding=\"async\" class=\"alignnone size-full wp-image-69\" alt=\"FWHausaussen4\" src=\"http:\/\/ostermeier.net\/ffw_obereulenbach\/wp-content\/uploads\/2013\/10\/FWHausaussen4.jpg\" width=\"97\" height=\"165\" \/><\/a> <a href=\"http:\/\/ostermeier.net\/ffw_obereulenbach\/wp-content\/uploads\/2013\/10\/FWHausaussen3.jpg\"><img loading=\"lazy\" decoding=\"async\" class=\"alignnone size-full wp-image-70\" alt=\"FWHausaussen3\" src=\"http:\/\/ostermeier.net\/ffw_obereulenbach\/wp-content\/uploads\/2013\/10\/FWHausaussen3.jpg\" width=\"220\" height=\"165\" \/><\/a> <a href=\"http:\/\/ostermeier.net\/ffw_obereulenbach\/wp-content\/uploads\/2013\/10\/FWHausaussen2.jpg\"><img loading=\"lazy\" decoding=\"async\" class=\"alignnone size-full wp-image-71\" alt=\"FWHausaussen2\" src=\"http:\/\/ostermeier.net\/ffw_obereulenbach\/wp-content\/uploads\/2013\/10\/FWHausaussen2.jpg\" width=\"220\" height=\"165\" \/><\/a> <a href=\"http:\/\/ostermeier.net\/ffw_obereulenbach\/wp-content\/uploads\/2013\/10\/FWHausaussen1.jpg\"><img loading=\"lazy\" decoding=\"async\" class=\"alignnone size-full wp-image-72\" alt=\"FWHausaussen1\" src=\"http:\/\/ostermeier.net\/ffw_obereulenbach\/wp-content\/uploads\/2013\/10\/FWHausaussen1.jpg\" width=\"220\" height=\"165\" \/><\/a><\/p>\n<p>&nbsp;<\/p>\n<p>F\u00fcr die Wasserversorgung bei Br\u00e4nden haben wir mit Bach und Staublech ein Konzept, dass uns bis jetzt noch nie im Stich gelassen hat!<\/p>\n<p><a href=\"http:\/\/ostermeier.net\/ffw_obereulenbach\/wp-content\/uploads\/2013\/10\/Bachnieder.jpg\"><img loading=\"lazy\" decoding=\"async\" class=\"alignnone size-full wp-image-73\" alt=\"Bachnieder\" src=\"http:\/\/ostermeier.net\/ffw_obereulenbach\/wp-content\/uploads\/2013\/10\/Bachnieder.jpg\" width=\"200\" height=\"150\" \/><\/a> <a href=\"http:\/\/ostermeier.net\/ffw_obereulenbach\/wp-content\/uploads\/2013\/10\/Bachhoch.jpg\"><img loading=\"lazy\" decoding=\"async\" class=\"alignnone size-full wp-image-74\" alt=\"Bachhoch\" src=\"http:\/\/ostermeier.net\/ffw_obereulenbach\/wp-content\/uploads\/2013\/10\/Bachhoch.jpg\" width=\"200\" height=\"150\" \/><\/a> <a href=\"http:\/\/ostermeier.net\/ffw_obereulenbach\/wp-content\/uploads\/2013\/10\/Staublech.jpg\"><img loading=\"lazy\" decoding=\"async\" class=\"alignnone size-full wp-image-75\" alt=\"Staublech\" src=\"http:\/\/ostermeier.net\/ffw_obereulenbach\/wp-content\/uploads\/2013\/10\/Staublech.jpg\" width=\"200\" height=\"150\" \/><\/a><\/p>\n<p>&nbsp;<\/p>\n","protected":false},"excerpt":{"rendered":"<p>Unser Fahrzeug: Ein TSF (Mercedes) Bj. 1978, dieses wurde 2006 rein aus Vereinsmitteln angeschafft. Die Pumpe: Von Bachert Bj. 1976 und 2009 general\u00fcberholt. Das Feuerwehrger\u00e4tehaus: Erbaut 1997, der Schlauchturm ist noch vom alten Ger\u00e4tehaus (1957) erhalten. F\u00fcr den Bau wurde &hellip; <a href=\"https:\/\/ostermeier.net\/ffw_obereulenbach\/?page_id=59\">Weiterlesen <span class=\"meta-nav\">&rarr;<\/span><\/a><\/p>\n","protected":false},"author":1,"featured_media":0,"parent":0,"menu_order":0,"comment_status":"closed","ping_status":"open","template":"","meta":{"footnotes":""},"class_list":["post-59","page","type-page","status-publish","hentry"],"_links":{"self":[{"href":"https:\/\/ostermeier.net\/ffw_obereulenbach\/index.php?rest_route=\/wp\/v2\/pages\/59","targetHints":{"allow":["GET"]}}],"collection":[{"href":"https:\/\/ostermeier.net\/ffw_obereulenbach\/index.php?rest_route=\/wp\/v2\/pages"}],"about":[{"href":"https:\/\/ostermeier.net\/ffw_obereulenbach\/index.php?rest_route=\/wp\/v2\/types\/page"}],"author":[{"embeddable":true,"href":"https:\/\/ostermeier.net\/ffw_obereulenbach\/index.php?rest_route=\/wp\/v2\/users\/1"}],"replies":[{"embeddable":true,"href":"https:\/\/ostermeier.net\/ffw_obereulenbach\/index.php?rest_route=%2Fwp%2Fv2%2Fcomments&post=59"}],"version-history":[{"count":2,"href":"https:\/\/ostermeier.net\/ffw_obereulenbach\/index.php?rest_route=\/wp\/v2\/pages\/59\/revisions"}],"predecessor-version":[{"id":77,"href":"https:\/\/ostermeier.net\/ffw_obereulenbach\/index.php?rest_route=\/wp\/v2\/pages\/59\/revisions\/77"}],"wp:attachment":[{"href":"https:\/\/ostermeier.net\/ffw_obereulenbach\/index.php?rest_route=%2Fwp%2Fv2%2Fmedia&parent=59"}],"curies":[{"name":"wp","href":"https:\/\/api.w.org\/{rel}","templated":true}]}}