{"id":51,"date":"2013-10-15T10:03:30","date_gmt":"2013-10-15T08:03:30","guid":{"rendered":"http:\/\/ostermeier.net\/ffw_obereulenbach\/?page_id=51"},"modified":"2014-03-07T12:36:30","modified_gmt":"2014-03-07T10:36:30","slug":"jugendgruppe","status":"publish","type":"page","link":"https:\/\/ostermeier.net\/ffw_obereulenbach\/?page_id=51","title":{"rendered":"Jugendgruppe"},"content":{"rendered":"<p><a href=\"http:\/\/ostermeier.net\/ffw_obereulenbach\/wp-content\/uploads\/2013\/10\/jugen_gruppenbild_de2006.jpg\"><img loading=\"lazy\" decoding=\"async\" class=\"alignnone size-full wp-image-52\" alt=\"jugen_gruppenbild_de2006\" src=\"http:\/\/ostermeier.net\/ffw_obereulenbach\/wp-content\/uploads\/2013\/10\/jugen_gruppenbild_de2006.jpg\" width=\"785\" height=\"569\" srcset=\"https:\/\/ostermeier.net\/ffw_obereulenbach\/wp-content\/uploads\/2013\/10\/jugen_gruppenbild_de2006.jpg 785w, https:\/\/ostermeier.net\/ffw_obereulenbach\/wp-content\/uploads\/2013\/10\/jugen_gruppenbild_de2006-300x217.jpg 300w\" sizes=\"auto, (max-width: 785px) 100vw, 785px\" \/><\/a><\/p>\n<p>&nbsp;<\/p>\n<p>Im Mai 2006 wurde in der FFW Obereulenbach einen Jugendgruppen gegr\u00fcndet. Obiges Fotos zeigt die Mitglieder und Ausbilder der Jugendfeuerwehr im Dezember 2009.<\/p>\n<p><a href=\"http:\/\/ostermeier.net\/ffw_obereulenbach\/wp-content\/uploads\/2013\/10\/ausbildung2.jpg\"><img loading=\"lazy\" decoding=\"async\" class=\"alignnone size-full wp-image-53\" alt=\"ausbildung2\" src=\"http:\/\/ostermeier.net\/ffw_obereulenbach\/wp-content\/uploads\/2013\/10\/ausbildung2.jpg\" width=\"350\" height=\"233\" srcset=\"https:\/\/ostermeier.net\/ffw_obereulenbach\/wp-content\/uploads\/2013\/10\/ausbildung2.jpg 350w, https:\/\/ostermeier.net\/ffw_obereulenbach\/wp-content\/uploads\/2013\/10\/ausbildung2-300x199.jpg 300w\" sizes=\"auto, (max-width: 350px) 100vw, 350px\" \/><\/a> <a href=\"http:\/\/ostermeier.net\/ffw_obereulenbach\/wp-content\/uploads\/2013\/10\/ausbildung1.jpg\"><img loading=\"lazy\" decoding=\"async\" class=\"alignnone size-full wp-image-54\" alt=\"ausbildung1\" src=\"http:\/\/ostermeier.net\/ffw_obereulenbach\/wp-content\/uploads\/2013\/10\/ausbildung1.jpg\" width=\"350\" height=\"233\" srcset=\"https:\/\/ostermeier.net\/ffw_obereulenbach\/wp-content\/uploads\/2013\/10\/ausbildung1.jpg 350w, https:\/\/ostermeier.net\/ffw_obereulenbach\/wp-content\/uploads\/2013\/10\/ausbildung1-300x199.jpg 300w\" sizes=\"auto, (max-width: 350px) 100vw, 350px\" \/><\/a><\/p>\n<p>&nbsp;<\/p>\n<p>Ausbildung und Einweisung und unser Fahrzeug und der darin enthaltenen Ger\u00e4tschaften geh\u00f6ren ebenso zur Grundausbildung, wie auch praktische \u00dcbungen. Ziel unserer Jugendarbeit ist neben der feuerwehrtechnischen Ausbildung, ebenso die Schaffung und F\u00f6rderung des Teamgedanken und der Bereitschaft f\u00fcr andere &#8222;da zu sein&#8220;.<br \/>\nDie beiden Fotos zeigen Michael Schmid und Manfred H\u00f6slmeier bei der Erkl\u00e4rung des Fahrzeugs.<\/p>\n<p><a href=\"http:\/\/ostermeier.net\/ffw_obereulenbach\/wp-content\/uploads\/2013\/10\/feuerloeschen3.jpg\"><img loading=\"lazy\" decoding=\"async\" class=\"alignnone size-full wp-image-55\" alt=\"feuerloeschen3\" src=\"http:\/\/ostermeier.net\/ffw_obereulenbach\/wp-content\/uploads\/2013\/10\/feuerloeschen3.jpg\" width=\"250\" height=\"353\" srcset=\"https:\/\/ostermeier.net\/ffw_obereulenbach\/wp-content\/uploads\/2013\/10\/feuerloeschen3.jpg 250w, https:\/\/ostermeier.net\/ffw_obereulenbach\/wp-content\/uploads\/2013\/10\/feuerloeschen3-212x300.jpg 212w\" sizes=\"auto, (max-width: 250px) 100vw, 250px\" \/><\/a> <a href=\"http:\/\/ostermeier.net\/ffw_obereulenbach\/wp-content\/uploads\/2013\/10\/feuerloeschen2.jpg\"><img loading=\"lazy\" decoding=\"async\" class=\"alignnone size-full wp-image-56\" alt=\"feuerloeschen2\" src=\"http:\/\/ostermeier.net\/ffw_obereulenbach\/wp-content\/uploads\/2013\/10\/feuerloeschen2.jpg\" width=\"250\" height=\"376\" srcset=\"https:\/\/ostermeier.net\/ffw_obereulenbach\/wp-content\/uploads\/2013\/10\/feuerloeschen2.jpg 250w, https:\/\/ostermeier.net\/ffw_obereulenbach\/wp-content\/uploads\/2013\/10\/feuerloeschen2-199x300.jpg 199w\" sizes=\"auto, (max-width: 250px) 100vw, 250px\" \/><\/a> <a href=\"http:\/\/ostermeier.net\/ffw_obereulenbach\/wp-content\/uploads\/2013\/10\/feuerloeschen1.jpg\"><img loading=\"lazy\" decoding=\"async\" class=\"alignnone size-full wp-image-57\" alt=\"feuerloeschen1\" src=\"http:\/\/ostermeier.net\/ffw_obereulenbach\/wp-content\/uploads\/2013\/10\/feuerloeschen1.jpg\" width=\"250\" height=\"376\" srcset=\"https:\/\/ostermeier.net\/ffw_obereulenbach\/wp-content\/uploads\/2013\/10\/feuerloeschen1.jpg 250w, https:\/\/ostermeier.net\/ffw_obereulenbach\/wp-content\/uploads\/2013\/10\/feuerloeschen1-199x300.jpg 199w\" sizes=\"auto, (max-width: 250px) 100vw, 250px\" \/><\/a><\/p>\n<p>&nbsp;<\/p>\n<p>Ein besonderes &#8222;Highlight&#8220; war die Brandschutz\u00fcbung, in der verschiedene L\u00f6schtechniken direkt von den Jugendlichen (unter Aufsicht und Hilfstellung der Jugendwarte) durchf\u00fchren durften. Dazu z\u00e4hlte unter anderen die prektische Bedienung verschiedener Feuerl\u00f6schertypen, sowie die Vorf\u00fchrung eines Fettbrandes und die Explosion einer Spr\u00fchdose.<\/p>\n","protected":false},"excerpt":{"rendered":"<p>&nbsp; Im Mai 2006 wurde in der FFW Obereulenbach einen Jugendgruppen gegr\u00fcndet. Obiges Fotos zeigt die Mitglieder und Ausbilder der Jugendfeuerwehr im Dezember 2009. &nbsp; Ausbildung und Einweisung und unser Fahrzeug und der darin enthaltenen Ger\u00e4tschaften geh\u00f6ren ebenso zur Grundausbildung, &hellip; <a href=\"https:\/\/ostermeier.net\/ffw_obereulenbach\/?page_id=51\">Weiterlesen <span class=\"meta-nav\">&rarr;<\/span><\/a><\/p>\n","protected":false},"author":1,"featured_media":0,"parent":0,"menu_order":0,"comment_status":"closed","ping_status":"open","template":"","meta":{"footnotes":""},"class_list":["post-51","page","type-page","status-publish","hentry"],"_links":{"self":[{"href":"https:\/\/ostermeier.net\/ffw_obereulenbach\/index.php?rest_route=\/wp\/v2\/pages\/51","targetHints":{"allow":["GET"]}}],"collection":[{"href":"https:\/\/ostermeier.net\/ffw_obereulenbach\/index.php?rest_route=\/wp\/v2\/pages"}],"about":[{"href":"https:\/\/ostermeier.net\/ffw_obereulenbach\/index.php?rest_route=\/wp\/v2\/types\/page"}],"author":[{"embeddable":true,"href":"https:\/\/ostermeier.net\/ffw_obereulenbach\/index.php?rest_route=\/wp\/v2\/users\/1"}],"replies":[{"embeddable":true,"href":"https:\/\/ostermeier.net\/ffw_obereulenbach\/index.php?rest_route=%2Fwp%2Fv2%2Fcomments&post=51"}],"version-history":[{"count":1,"href":"https:\/\/ostermeier.net\/ffw_obereulenbach\/index.php?rest_route=\/wp\/v2\/pages\/51\/revisions"}],"predecessor-version":[{"id":58,"href":"https:\/\/ostermeier.net\/ffw_obereulenbach\/index.php?rest_route=\/wp\/v2\/pages\/51\/revisions\/58"}],"wp:attachment":[{"href":"https:\/\/ostermeier.net\/ffw_obereulenbach\/index.php?rest_route=%2Fwp%2Fv2%2Fmedia&parent=51"}],"curies":[{"name":"wp","href":"https:\/\/api.w.org\/{rel}","templated":true}]}}