{"id":40,"date":"2013-10-15T09:55:23","date_gmt":"2013-10-15T07:55:23","guid":{"rendered":"http:\/\/ostermeier.net\/ffw_obereulenbach\/?page_id=40"},"modified":"2024-03-18T08:14:07","modified_gmt":"2024-03-18T06:14:07","slug":"vorstandschaft","status":"publish","type":"page","link":"https:\/\/ostermeier.net\/ffw_obereulenbach\/?page_id=40","title":{"rendered":"Vorstandschaft"},"content":{"rendered":"\n<figure class=\"wp-block-image size-large\"><a href=\"https:\/\/ostermeier.net\/ffw_obereulenbach\/wp-content\/uploads\/2024\/03\/Vorstandschaft_2024-1.jpeg\"><img loading=\"lazy\" decoding=\"async\" width=\"1024\" height=\"649\" src=\"https:\/\/ostermeier.net\/ffw_obereulenbach\/wp-content\/uploads\/2024\/03\/Vorstandschaft_2024-1-1024x649.jpeg\" alt=\"\" class=\"wp-image-2458\" srcset=\"https:\/\/ostermeier.net\/ffw_obereulenbach\/wp-content\/uploads\/2024\/03\/Vorstandschaft_2024-1-1024x649.jpeg 1024w, https:\/\/ostermeier.net\/ffw_obereulenbach\/wp-content\/uploads\/2024\/03\/Vorstandschaft_2024-1-300x190.jpeg 300w, https:\/\/ostermeier.net\/ffw_obereulenbach\/wp-content\/uploads\/2024\/03\/Vorstandschaft_2024-1-768x486.jpeg 768w, https:\/\/ostermeier.net\/ffw_obereulenbach\/wp-content\/uploads\/2024\/03\/Vorstandschaft_2024-1.jpeg 1200w\" sizes=\"auto, (max-width: 1024px) 100vw, 1024px\" \/><\/a><figcaption class=\"wp-element-caption\">Neue Vorstandschaft (von links nach rechts):<br>Anton Schwindl jun. (Fahnentr\u00e4ger), Sebastian Sitzmann (Kommandant), Markus Ostermeier (Stellvert. Kommandant und 2. Vorstand), Stefan Ostermeier (Beisitzer), Christian Haimerl (Fahnentr\u00e4ger), Josef Zeller jun. (Fahnentr\u00e4ger), Hildegard Obermeier (Schriftf\u00fchrer), Josef Fichtner (Beisitzer), Manfred Schuster (1. Vorstand), Birgit Steinsdorfer (1. B\u00fcrgermeisterin)<br>Nicht auf dem Foto: Markus Hauser jun. (Kassier) und Zeller Josef sen. (Beisitzer)<\/figcaption><\/figure>\n\n\n\n<h2 class=\"wp-block-heading\" id=\"kontaktmoglichkeiten\">Kontaktm\u00f6glichkeiten:<\/h2>\n\n\n\n<figure class=\"wp-block-table\"><table class=\"has-fixed-layout\"><tbody><tr><td><strong>Manfred Schuster<\/strong><br>1. Vorstand<\/td><td><strong>Markus Ostermeier<\/strong><br>2. Vorstand<\/td><\/tr><tr><td>T: 08783-9673749<br>M: 0171-610 8567<br>E: schuster.mane(a)gmail.com<\/td><td>T: 08783-967210<br>M: 0151-527 24649<br>E: markus(a)ostermeier.net<\/td><\/tr><\/tbody><\/table><\/figure>\n\n\n\n<figure class=\"wp-block-table\"><table class=\"has-fixed-layout\"><tbody><tr><td><strong>Sebastian Sitzmann<\/strong><br>Kommandant<\/td><td><strong>Markus Ostermeier<\/strong><br>Stellvert. Kommandant<\/td><\/tr><tr><td>T: 08781-1740<br>M: 0151-5850 3573<br>E: seitzmen(a)web.de       <\/td><td>T: 08783-967210<br>M: 0151-5272 4649<br>E: markus(a)ostermeier.net<\/td><\/tr><\/tbody><\/table><\/figure>\n","protected":false},"excerpt":{"rendered":"<p>Kontaktm\u00f6glichkeiten: Manfred Schuster1. Vorstand Markus Ostermeier2. Vorstand T: 08783-9673749M: 0171-610 8567E: schuster.mane(a)gmail.com T: 08783-967210M: 0151-527 24649E: markus(a)ostermeier.net Sebastian SitzmannKommandant Markus OstermeierStellvert. Kommandant T: 08781-1740M: 0151-5850 3573E: seitzmen(a)web.de T: 08783-967210M: 0151-5272 4649E: markus(a)ostermeier.net<\/p>\n","protected":false},"author":1,"featured_media":0,"parent":0,"menu_order":0,"comment_status":"closed","ping_status":"open","template":"","meta":{"footnotes":""},"class_list":["post-40","page","type-page","status-publish","hentry"],"_links":{"self":[{"href":"https:\/\/ostermeier.net\/ffw_obereulenbach\/index.php?rest_route=\/wp\/v2\/pages\/40","targetHints":{"allow":["GET"]}}],"collection":[{"href":"https:\/\/ostermeier.net\/ffw_obereulenbach\/index.php?rest_route=\/wp\/v2\/pages"}],"about":[{"href":"https:\/\/ostermeier.net\/ffw_obereulenbach\/index.php?rest_route=\/wp\/v2\/types\/page"}],"author":[{"embeddable":true,"href":"https:\/\/ostermeier.net\/ffw_obereulenbach\/index.php?rest_route=\/wp\/v2\/users\/1"}],"replies":[{"embeddable":true,"href":"https:\/\/ostermeier.net\/ffw_obereulenbach\/index.php?rest_route=%2Fwp%2Fv2%2Fcomments&post=40"}],"version-history":[{"count":12,"href":"https:\/\/ostermeier.net\/ffw_obereulenbach\/index.php?rest_route=\/wp\/v2\/pages\/40\/revisions"}],"predecessor-version":[{"id":2460,"href":"https:\/\/ostermeier.net\/ffw_obereulenbach\/index.php?rest_route=\/wp\/v2\/pages\/40\/revisions\/2460"}],"wp:attachment":[{"href":"https:\/\/ostermeier.net\/ffw_obereulenbach\/index.php?rest_route=%2Fwp%2Fv2%2Fmedia&parent=40"}],"curies":[{"name":"wp","href":"https:\/\/api.w.org\/{rel}","templated":true}]}}