{"id":1178,"date":"2019-05-23T11:15:55","date_gmt":"2019-05-23T09:15:55","guid":{"rendered":"http:\/\/ostermeier.net\/ffw_obereulenbach\/?page_id=1178"},"modified":"2020-09-08T12:15:10","modified_gmt":"2020-09-08T10:15:10","slug":"gruendungsfest-2019","status":"publish","type":"page","link":"https:\/\/ostermeier.net\/ffw_obereulenbach\/?page_id=1178","title":{"rendered":"Gr\u00fcndungsfest 2020 > 2021"},"content":{"rendered":"\n<h2 class=\"wp-block-heading\">Neuer Termin:<\/h2>\n\n\n\n<h3 class=\"wp-block-heading\">Wir verschieben unser Gr\u00fcndungsfest aufs kommende Jahr!<br>Vom <strong>28. bis 30. Mai 2021<\/strong> feiern wir nun unser 125-j\u00e4hrige Bestehen der Feuerwehr Obereulenbach.<\/h3>\n\n\n\n<p>Da sich unsere Planungen nun doch ziemlich \u00fcber den Haufen geworfen haben, sind wir zur Zeit dabei all unsere Werbung und auch diese Webseite zu \u00fcberarbeiten.<\/p>\n\n\n\n<p class=\"has-text-align-center has-white-color has-text-color has-background has-large-font-size\" style=\"background-color:#ff0000\"><strong><em><span style=\"text-decoration: underline;\">Festprogramm<\/span><\/em><\/strong><\/p>\n\n\n\n<p class=\"has-text-align-center has-white-color has-text-color has-background has-large-font-size\" style=\"background-color:#ff0000\"><strong>Freitag, 28 Mai 2021<\/strong><\/p>\n\n\n\n<figure class=\"wp-block-image size-full\"><img loading=\"lazy\" decoding=\"async\" width=\"1623\" height=\"1198\" src=\"https:\/\/ostermeier.net\/ffw_obereulenbach\/wp-content\/uploads\/2020\/01\/FFW_Obereulenbach_Poster_A1_V2_klein.jpg\" alt=\"\" class=\"wp-image-1685\" srcset=\"https:\/\/ostermeier.net\/ffw_obereulenbach\/wp-content\/uploads\/2020\/01\/FFW_Obereulenbach_Poster_A1_V2_klein.jpg 1623w, https:\/\/ostermeier.net\/ffw_obereulenbach\/wp-content\/uploads\/2020\/01\/FFW_Obereulenbach_Poster_A1_V2_klein-300x221.jpg 300w, https:\/\/ostermeier.net\/ffw_obereulenbach\/wp-content\/uploads\/2020\/01\/FFW_Obereulenbach_Poster_A1_V2_klein-1024x756.jpg 1024w, https:\/\/ostermeier.net\/ffw_obereulenbach\/wp-content\/uploads\/2020\/01\/FFW_Obereulenbach_Poster_A1_V2_klein-768x567.jpg 768w, https:\/\/ostermeier.net\/ffw_obereulenbach\/wp-content\/uploads\/2020\/01\/FFW_Obereulenbach_Poster_A1_V2_klein-1536x1134.jpg 1536w\" sizes=\"auto, (max-width: 1623px) 100vw, 1623px\" \/><\/figure>\n\n\n\n<p><\/p>\n\n\n\n<hr class=\"wp-block-separator\"\/>\n\n\n\n<div class=\"wp-block-group\"><div class=\"wp-block-group__inner-container is-layout-flow wp-block-group-is-layout-flow\">\n<div class=\"wp-block-columns are-vertically-aligned-center has-2-columns is-layout-flex wp-container-core-columns-is-layout-9d6595d7 wp-block-columns-is-layout-flex\">\n<div class=\"wp-block-column is-vertically-aligned-center is-layout-flow wp-block-column-is-layout-flow\">\n<p><strong>Feier-Night-Zeltparty Vol. 2.0 <\/strong><br>mit der <strong>Partyband Rock@Rollers<\/strong><br>Beginn: 20:00 Uhr<\/p>\n\n\n\n<p class=\"has-text-color has-large-font-size\" style=\"color:#ff0000\"><strong>Eintritt 5 Euro<\/strong><\/p>\n<\/div>\n\n\n\n<div class=\"wp-block-column is-vertically-aligned-center is-layout-flow wp-block-column-is-layout-flow\">\n<figure class=\"wp-block-image size-full\"><img loading=\"lazy\" decoding=\"async\" width=\"1000\" height=\"667\" src=\"https:\/\/ostermeier.net\/ffw_obereulenbach\/wp-content\/uploads\/2019\/11\/Flyer_2.jpg\" alt=\"\" class=\"wp-image-1533\" srcset=\"https:\/\/ostermeier.net\/ffw_obereulenbach\/wp-content\/uploads\/2019\/11\/Flyer_2.jpg 1000w, https:\/\/ostermeier.net\/ffw_obereulenbach\/wp-content\/uploads\/2019\/11\/Flyer_2-300x200.jpg 300w, https:\/\/ostermeier.net\/ffw_obereulenbach\/wp-content\/uploads\/2019\/11\/Flyer_2-768x512.jpg 768w\" sizes=\"auto, (max-width: 1000px) 100vw, 1000px\" \/><\/figure>\n<\/div>\n<\/div>\n<\/div><\/div>\n\n\n\n<p class=\"has-text-align-center\"><em>Veranstalter: F\u00f6rderverein FF Obereulenbach 2019 e.V.<\/em><\/p>\n\n\n\n<hr class=\"wp-block-separator\"\/>\n\n\n\n<p class=\"has-text-align-center has-white-color has-text-color has-background has-large-font-size\" style=\"background-color:#ff0000\"><strong>Samstag, 29. Mai 2021<\/strong><\/p>\n\n\n\n<hr class=\"wp-block-separator\"\/>\n\n\n\n<div class=\"wp-block-columns has-2-columns is-layout-flex wp-container-core-columns-is-layout-9d6595d7 wp-block-columns-is-layout-flex\">\n<div class=\"wp-block-column is-layout-flow wp-block-column-is-layout-flow\">\n<p class=\"has-text-color has-large-font-size\" style=\"color:#ff0000\"><strong>Eintritt frei!<\/strong><\/p>\n<\/div>\n\n\n\n<div class=\"wp-block-column is-layout-flow wp-block-column-is-layout-flow\">\n<p class=\"has-text-align-left\">17:00 Uhr: <br><strong>Einholen der Festmutter, der Festdamen und der Patenvereine<\/strong><br><br>18:00 Uhr:<br><strong>Totengedenken am Kriegerdenkmal<\/strong><br>Musikalische Gestaltung durch die <em>Liedertafel Rohr<\/em> und die Blaskapelle &#8222;<em>Container-Blech<\/em>&#8222;<\/p>\n\n\n\n<p>19:30 Uhr:<br><strong>Bayerischer Festabend<\/strong> mit der Band &#8222;<em>TopSound<\/em>&#8220; (Sepp Krottenthaler)<br>Schmackerl vom Grill<\/p>\n\n\n\n<div class=\"wp-block-image\"><figure class=\"alignleft size-large\"><img loading=\"lazy\" decoding=\"async\" width=\"676\" height=\"448\" src=\"https:\/\/ostermeier.net\/ffw_obereulenbach\/wp-content\/uploads\/2019\/12\/Logo-aktuell-TopSound.jpg\" alt=\"\" class=\"wp-image-1654\" srcset=\"https:\/\/ostermeier.net\/ffw_obereulenbach\/wp-content\/uploads\/2019\/12\/Logo-aktuell-TopSound.jpg 676w, https:\/\/ostermeier.net\/ffw_obereulenbach\/wp-content\/uploads\/2019\/12\/Logo-aktuell-TopSound-300x199.jpg 300w\" sizes=\"auto, (max-width: 676px) 100vw, 676px\" \/><\/figure><\/div>\n<\/div>\n<\/div>\n\n\n\n<p class=\"has-text-align-center\"><em>Veranstalter: FFW Obereulenbach 1895 e.V.<\/em><\/p>\n\n\n\n<hr class=\"wp-block-separator\"\/>\n\n\n\n<p class=\"has-text-align-center has-white-color has-text-color has-background has-large-font-size\" style=\"background-color:#ff0000\"><strong>Sonntag, 30. Mai 2021<\/strong><\/p>\n\n\n\n<hr class=\"wp-block-separator\"\/>\n\n\n\n<div class=\"wp-block-columns has-2-columns is-layout-flex wp-container-core-columns-is-layout-9d6595d7 wp-block-columns-is-layout-flex\">\n<div class=\"wp-block-column is-layout-flow wp-block-column-is-layout-flow\">\n<p class=\"has-text-color has-large-font-size\" style=\"color:#ff0000\"><strong>Eintritt frei!<\/strong><\/p>\n<\/div>\n\n\n\n<div class=\"wp-block-column is-layout-flow wp-block-column-is-layout-flow\">\n<p>6:00 Uhr:<br><strong>Weckruf<\/strong><\/p>\n\n\n\n<p>6:30 Uhr:<br><strong>Einholen der Festmutter, der Festdamen und der Patenvereine<\/strong><\/p>\n\n\n\n<p>8:00 Uhr:<br><strong>Einholen der Ehreng\u00e4ste und der Gastvereine<\/strong><br>Fr\u00fchschoppen mit den &#8222;<em>Eininger Grenzstoarrucka<\/em>&#8222;<\/p>\n\n\n\n<div class=\"wp-block-image\"><figure class=\"alignleft size-large\"><img loading=\"lazy\" decoding=\"async\" width=\"1000\" height=\"1000\" src=\"https:\/\/ostermeier.net\/ffw_obereulenbach\/wp-content\/uploads\/2019\/12\/Logo_Grenzstoarucka_klein.jpg\" alt=\"\" class=\"wp-image-1660\" srcset=\"https:\/\/ostermeier.net\/ffw_obereulenbach\/wp-content\/uploads\/2019\/12\/Logo_Grenzstoarucka_klein.jpg 1000w, https:\/\/ostermeier.net\/ffw_obereulenbach\/wp-content\/uploads\/2019\/12\/Logo_Grenzstoarucka_klein-300x300.jpg 300w, https:\/\/ostermeier.net\/ffw_obereulenbach\/wp-content\/uploads\/2019\/12\/Logo_Grenzstoarucka_klein-150x150.jpg 150w, https:\/\/ostermeier.net\/ffw_obereulenbach\/wp-content\/uploads\/2019\/12\/Logo_Grenzstoarucka_klein-768x768.jpg 768w\" sizes=\"auto, (max-width: 1000px) 100vw, 1000px\" \/><\/figure><\/div>\n\n\n\n<p>9:30 Uhr:<br><strong>Kirchenzug<\/strong><\/p>\n\n\n\n<p>10:00 Uhr:<br><strong>Festgottesdienst und Festansprachen<\/strong> am Obereulenbacher Pfarrhof<br>(bei schlechter Witterung im Festzelt)<\/p>\n\n\n\n<p>12:00 Uhr:<br><strong>Mittagstisch<\/strong><\/p>\n\n\n\n<p>13:30 Uhr:<br><strong>Aufstellung zum Festzug<\/strong><\/p>\n\n\n\n<p>14:00 Uhr:<br><strong>Festzug durch Obereulenbach<\/strong><\/p>\n\n\n\n<p>16:00 Uhr:<br><strong>Bierzeltgaudi<\/strong> mit der Partyband &#8222;<em>Onesee<\/em>&#8222;<br>Schmackerl vom Grill und Barbetrieb<\/p>\n\n\n\n<div class=\"wp-block-image\"><figure class=\"alignleft size-large\"><img loading=\"lazy\" decoding=\"async\" width=\"1000\" height=\"716\" src=\"https:\/\/ostermeier.net\/ffw_obereulenbach\/wp-content\/uploads\/2019\/12\/Auswahl20farbig-1.jpg\" alt=\"\" class=\"wp-image-1657\" srcset=\"https:\/\/ostermeier.net\/ffw_obereulenbach\/wp-content\/uploads\/2019\/12\/Auswahl20farbig-1.jpg 1000w, https:\/\/ostermeier.net\/ffw_obereulenbach\/wp-content\/uploads\/2019\/12\/Auswahl20farbig-1-300x215.jpg 300w, https:\/\/ostermeier.net\/ffw_obereulenbach\/wp-content\/uploads\/2019\/12\/Auswahl20farbig-1-768x550.jpg 768w\" sizes=\"auto, (max-width: 1000px) 100vw, 1000px\" \/><\/figure><\/div>\n\n\n\n<div class=\"wp-block-image\"><figure class=\"alignleft size-large\"><img loading=\"lazy\" decoding=\"async\" width=\"1000\" height=\"466\" src=\"https:\/\/ostermeier.net\/ffw_obereulenbach\/wp-content\/uploads\/2019\/12\/Logo_Schwarz_auf_WeiC39F28hintergrund29_transparent_klein.png\" alt=\"\" class=\"wp-image-1658\" srcset=\"https:\/\/ostermeier.net\/ffw_obereulenbach\/wp-content\/uploads\/2019\/12\/Logo_Schwarz_auf_WeiC39F28hintergrund29_transparent_klein.png 1000w, https:\/\/ostermeier.net\/ffw_obereulenbach\/wp-content\/uploads\/2019\/12\/Logo_Schwarz_auf_WeiC39F28hintergrund29_transparent_klein-300x140.png 300w, https:\/\/ostermeier.net\/ffw_obereulenbach\/wp-content\/uploads\/2019\/12\/Logo_Schwarz_auf_WeiC39F28hintergrund29_transparent_klein-768x358.png 768w\" sizes=\"auto, (max-width: 1000px) 100vw, 1000px\" \/><\/figure><\/div>\n<\/div>\n<\/div>\n\n\n\n<p class=\"has-text-align-center\"><em>Veranstalter: FFW Obereulenbach 1895 e.V.<\/em><\/p>\n\n\n\n<hr class=\"wp-block-separator\"\/>\n\n\n\n<h3 class=\"has-text-align-center wp-block-heading\">Wir freuen uns auf sch\u00f6ne Stunden mit Euch in Obereulenbach!<\/h3>\n\n\n\n<h3 class=\"has-text-align-center wp-block-heading\">Gott zur Ehr \u2013 dem N\u00e4chsten zur Wehr!<\/h3>\n\n\n\n<p class=\"has-text-align-center\"><em>Der Veranstalter beh\u00e4lt sich \u00c4nderungen des Programms \u2013 auch kurzfristig und witterungsbedingt \u2013 vor.<\/em><\/p>\n\n\n\n<hr class=\"wp-block-separator\"\/>\n\n\n\n<h2 class=\"wp-block-heading\">Wo befindet sich eigentlich Obereulenbach?<\/h2>\n\n\n\n<div class=\"wp-block-jetpack-map is-style-terrain\" data-map-style=\"terrain\" data-map-details=\"true\" data-points=\"[{&quot;placeTitle&quot;:&quot;Obereulenbach&quot;,&quot;title&quot;:&quot;Obereulenbach&quot;,&quot;caption&quot;:&quot;Obereulenbach, 93352 Rohr i. NB, Germany&quot;,&quot;id&quot;:&quot;address.371017412428384&quot;,&quot;coordinates&quot;:{&quot;longitude&quot;:11.974822,&quot;latitude&quot;:48.751122}}]\" data-zoom=\"10.437265149164228\" data-map-center=\"{&quot;lng&quot;:11.974822,&quot;lat&quot;:48.751122}\" data-marker-color=\"red\" data-show-fullscreen-button=\"true\"><ul><li><a href=\"https:\/\/www.google.com\/maps\/search\/?api=1&amp;query=48.751122,11.974822\">Obereulenbach<\/a><\/li><\/ul><\/div>\n\n\n\n<p><\/p>\n\n\n\n<h2 class=\"wp-block-heading\">Parkm\u00f6glichkeiten:<\/h2>\n\n\n\n<p>Bei jeder Zufahrtsstra\u00dfe nach Obereulenbach befinden sich ausgewiesene Parkm\u00f6glichkeiten f\u00fcr PKW und &#8222;Transporter&#8220;.<br>Vereine die mit einem Bus anreisen finden Parkpl\u00e4tze bei der Verbindungsstra\u00dfe Obereulenbach &#8211; H\u00f6getsing. Bitte hier auf die Anfahrt achten.<\/p>\n\n\n\n<h2 class=\"wp-block-heading\">Kontakt:<\/h2>\n\n\n\n<p>Sollten ihr noch Fragen im Vorfeld des Gr\u00fcndungsfests haben, so meldet euch einfach bei uns:<\/p>\n\n\n\n<div class=\"wp-block-columns has-2-columns is-layout-flex wp-container-core-columns-is-layout-9d6595d7 wp-block-columns-is-layout-flex\">\n<div class=\"wp-block-column is-layout-flow wp-block-column-is-layout-flow\">\n<p><strong>Manfred Schuster<\/strong><br>1. Vorstand<br>T: 08783-9673749<br>M: 0171-6108567<br>E: schuster.mane@gmail.com<\/p>\n<\/div>\n\n\n\n<div class=\"wp-block-column is-layout-flow wp-block-column-is-layout-flow\">\n<p><strong>Markus Ostermeier<\/strong><br>2. Vorstand \/ Stellv. Kdt.<br>T: 08783-967210<br>M: 0151-52724649<br>E: markus@ostermeier.net<\/p>\n<\/div>\n<\/div>\n\n\n\n<h2 class=\"wp-block-heading\">Festb\u00fcro:<\/h2>\n\n\n\n<p>Das Festb\u00fcro befindet sich im Feuerwehrhaus Obereulenbach und ist unter der Telefonnummer: 0176-6472 9640 erreichbar.<\/p>\n\n\n\n<h2 class=\"wp-block-heading\">Veranstaltungs-Flyer:<\/h2>\n\n\n\n<figure class=\"wp-block-image size-full\"><img loading=\"lazy\" decoding=\"async\" width=\"797\" height=\"1113\" src=\"https:\/\/ostermeier.net\/ffw_obereulenbach\/wp-content\/uploads\/2020\/01\/Flyer_VS-1.jpg\" alt=\"\" class=\"wp-image-1680\" srcset=\"https:\/\/ostermeier.net\/ffw_obereulenbach\/wp-content\/uploads\/2020\/01\/Flyer_VS-1.jpg 797w, https:\/\/ostermeier.net\/ffw_obereulenbach\/wp-content\/uploads\/2020\/01\/Flyer_VS-1-215x300.jpg 215w, https:\/\/ostermeier.net\/ffw_obereulenbach\/wp-content\/uploads\/2020\/01\/Flyer_VS-1-733x1024.jpg 733w, https:\/\/ostermeier.net\/ffw_obereulenbach\/wp-content\/uploads\/2020\/01\/Flyer_VS-1-768x1073.jpg 768w\" sizes=\"auto, (max-width: 797px) 100vw, 797px\" \/><\/figure>\n\n\n\n<figure class=\"wp-block-image size-large\"><img loading=\"lazy\" decoding=\"async\" width=\"731\" height=\"1024\" src=\"https:\/\/ostermeier.net\/ffw_obereulenbach\/wp-content\/uploads\/2020\/01\/Flyer_RS-1-731x1024.jpg\" alt=\"\" class=\"wp-image-1681\" srcset=\"https:\/\/ostermeier.net\/ffw_obereulenbach\/wp-content\/uploads\/2020\/01\/Flyer_RS-1-731x1024.jpg 731w, https:\/\/ostermeier.net\/ffw_obereulenbach\/wp-content\/uploads\/2020\/01\/Flyer_RS-1-214x300.jpg 214w, https:\/\/ostermeier.net\/ffw_obereulenbach\/wp-content\/uploads\/2020\/01\/Flyer_RS-1-768x1076.jpg 768w, https:\/\/ostermeier.net\/ffw_obereulenbach\/wp-content\/uploads\/2020\/01\/Flyer_RS-1.jpg 796w\" sizes=\"auto, (max-width: 731px) 100vw, 731px\" \/><\/figure>\n\n\n\n<h2 class=\"wp-block-heading\">Spenden? Gerne! \ud83d\ude09<\/h2>\n\n\n\n<p>Sie m\u00f6chten uns finanziell bei unserem Gr\u00fcndungsfest unterst\u00fctzen, dann f\u00fcllen Sie dazu einfach unser <a href=\"http:\/\/ostermeier.net\/ffw_obereulenbach\/wp-content\/uploads\/2020\/09\/Spenden-Antrag_final_2021_klein.pdf\">Spenden-Infoblatt<\/a> aus.<br><em>Alle Spender werden in einem Verzeichnis am Ende der Festschrift in alphabetischer Reihenfolge (ohne Nennung des Spendenbetrages und ohne Firmenlogo) aufgef\u00fchrt.<\/em><\/p>\n","protected":false},"excerpt":{"rendered":"<p>Neuer Termin: Wir verschieben unser Gr\u00fcndungsfest aufs kommende Jahr!Vom 28. bis 30. Mai 2021 feiern wir nun unser 125-j\u00e4hrige Bestehen der Feuerwehr Obereulenbach. Da sich unsere Planungen nun doch ziemlich \u00fcber den Haufen geworfen haben, sind wir zur Zeit dabei &hellip; <a href=\"https:\/\/ostermeier.net\/ffw_obereulenbach\/?page_id=1178\">Weiterlesen <span class=\"meta-nav\">&rarr;<\/span><\/a><\/p>\n","protected":false},"author":4,"featured_media":0,"parent":0,"menu_order":0,"comment_status":"closed","ping_status":"closed","template":"","meta":{"footnotes":""},"class_list":["post-1178","page","type-page","status-publish","hentry"],"_links":{"self":[{"href":"https:\/\/ostermeier.net\/ffw_obereulenbach\/index.php?rest_route=\/wp\/v2\/pages\/1178","targetHints":{"allow":["GET"]}}],"collection":[{"href":"https:\/\/ostermeier.net\/ffw_obereulenbach\/index.php?rest_route=\/wp\/v2\/pages"}],"about":[{"href":"https:\/\/ostermeier.net\/ffw_obereulenbach\/index.php?rest_route=\/wp\/v2\/types\/page"}],"author":[{"embeddable":true,"href":"https:\/\/ostermeier.net\/ffw_obereulenbach\/index.php?rest_route=\/wp\/v2\/users\/4"}],"replies":[{"embeddable":true,"href":"https:\/\/ostermeier.net\/ffw_obereulenbach\/index.php?rest_route=%2Fwp%2Fv2%2Fcomments&post=1178"}],"version-history":[{"count":42,"href":"https:\/\/ostermeier.net\/ffw_obereulenbach\/index.php?rest_route=\/wp\/v2\/pages\/1178\/revisions"}],"predecessor-version":[{"id":1847,"href":"https:\/\/ostermeier.net\/ffw_obereulenbach\/index.php?rest_route=\/wp\/v2\/pages\/1178\/revisions\/1847"}],"wp:attachment":[{"href":"https:\/\/ostermeier.net\/ffw_obereulenbach\/index.php?rest_route=%2Fwp%2Fv2%2Fmedia&parent=1178"}],"curies":[{"name":"wp","href":"https:\/\/api.w.org\/{rel}","templated":true}]}}