{"id":1095,"date":"2019-05-09T14:55:18","date_gmt":"2019-05-09T12:55:18","guid":{"rendered":"http:\/\/ostermeier.net\/ffw_obereulenbach\/?page_id=1095"},"modified":"2025-06-05T08:16:25","modified_gmt":"2025-06-05T06:16:25","slug":"einsaetze","status":"publish","type":"page","link":"https:\/\/ostermeier.net\/ffw_obereulenbach\/?page_id=1095","title":{"rendered":"Eins\u00e4tze"},"content":{"rendered":"\n<p>Einsatz-\u00dcbersicht:<br>Hier werden keine Sicherheitswachen oder Verkehrsregelungs-Eins\u00e4tze aufgef\u00fchrt.<\/p>\n\n\n<p>[einsatzliste jahr=*]<\/p>\n\n\n\n<p><\/p>\n","protected":false},"excerpt":{"rendered":"<p>Einsatz-\u00dcbersicht:Hier werden keine Sicherheitswachen oder Verkehrsregelungs-Eins\u00e4tze aufgef\u00fchrt.<\/p>\n","protected":false},"author":4,"featured_media":0,"parent":0,"menu_order":0,"comment_status":"closed","ping_status":"closed","template":"","meta":{"footnotes":""},"class_list":["post-1095","page","type-page","status-publish","hentry"],"_links":{"self":[{"href":"https:\/\/ostermeier.net\/ffw_obereulenbach\/index.php?rest_route=\/wp\/v2\/pages\/1095","targetHints":{"allow":["GET"]}}],"collection":[{"href":"https:\/\/ostermeier.net\/ffw_obereulenbach\/index.php?rest_route=\/wp\/v2\/pages"}],"about":[{"href":"https:\/\/ostermeier.net\/ffw_obereulenbach\/index.php?rest_route=\/wp\/v2\/types\/page"}],"author":[{"embeddable":true,"href":"https:\/\/ostermeier.net\/ffw_obereulenbach\/index.php?rest_route=\/wp\/v2\/users\/4"}],"replies":[{"embeddable":true,"href":"https:\/\/ostermeier.net\/ffw_obereulenbach\/index.php?rest_route=%2Fwp%2Fv2%2Fcomments&post=1095"}],"version-history":[{"count":5,"href":"https:\/\/ostermeier.net\/ffw_obereulenbach\/index.php?rest_route=\/wp\/v2\/pages\/1095\/revisions"}],"predecessor-version":[{"id":2572,"href":"https:\/\/ostermeier.net\/ffw_obereulenbach\/index.php?rest_route=\/wp\/v2\/pages\/1095\/revisions\/2572"}],"wp:attachment":[{"href":"https:\/\/ostermeier.net\/ffw_obereulenbach\/index.php?rest_route=%2Fwp%2Fv2%2Fmedia&parent=1095"}],"curies":[{"name":"wp","href":"https:\/\/api.w.org\/{rel}","templated":true}]}}